{"id":9,"date":"2026-01-26T21:11:27","date_gmt":"2026-01-27T00:11:27","guid":{"rendered":"https:\/\/passosdemoraisadv.com.br\/?page_id=9"},"modified":"2026-03-13T10:53:58","modified_gmt":"2026-03-13T13:53:58","slug":"home","status":"publish","type":"page","link":"https:\/\/passosdemoraisadv.com.br\/","title":{"rendered":"Home"},"content":{"rendered":"\t\t<div data-elementor-type=\"wp-page\" data-elementor-id=\"9\" class=\"elementor elementor-9\" data-elementor-post-type=\"page\">\n\t\t\t\t<div class=\"elementor-element elementor-element-f960ecd e-flex e-con-boxed e-con e-parent\" data-id=\"f960ecd\" data-element_type=\"container\" data-e-type=\"container\" data-settings=\"{&quot;background_background&quot;:&quot;classic&quot;}\">\n\t\t\t\t\t<div class=\"e-con-inner\">\n\t\t\t\t<div class=\"elementor-element elementor-element-c378c88 elementor-widget elementor-widget-spacer\" data-id=\"c378c88\" data-element_type=\"widget\" data-e-type=\"widget\" data-widget_type=\"spacer.default\">\n\t\t\t\t\t\t\t<div class=\"elementor-spacer\">\n\t\t\t<div class=\"elementor-spacer-inner\"><\/div>\n\t\t<\/div>\n\t\t\t\t\t\t<\/div>\n\t\t\t\t<div class=\"elementor-element elementor-element-d16570b elementor-widget elementor-widget-image\" data-id=\"d16570b\" data-element_type=\"widget\" data-e-type=\"widget\" data-widget_type=\"image.default\">\n\t\t\t\t\t\t\t\t\t\t\t\t\t\t\t<img fetchpriority=\"high\" decoding=\"async\" width=\"368\" height=\"298\" src=\"https:\/\/passosdemoraisadv.com.br\/wp-content\/uploads\/2026\/03\/logo-PMorais.png\" class=\"elementor-animation-grow attachment-large size-large wp-image-25\" alt=\"\" srcset=\"https:\/\/passosdemoraisadv.com.br\/wp-content\/uploads\/2026\/03\/logo-PMorais.png 368w, https:\/\/passosdemoraisadv.com.br\/wp-content\/uploads\/2026\/03\/logo-PMorais-300x243.png 300w\" sizes=\"(max-width: 368px) 100vw, 368px\" \/>\t\t\t\t\t\t\t\t\t\t\t\t\t\t\t<\/div>\n\t\t\t\t<div class=\"elementor-element elementor-element-cf4a65a elementor-widget elementor-widget-heading\" data-id=\"cf4a65a\" data-element_type=\"widget\" data-e-type=\"widget\" data-widget_type=\"heading.default\">\n\t\t\t\t\t<h2 class=\"elementor-heading-title elementor-size-default\">Em breve,\num novo ponto de apoio jur\u00eddico para condom\u00ednios.<\/h2>\t\t\t\t<\/div>\n\t\t\t\t<div class=\"elementor-element elementor-element-683db88 elementor-widget elementor-widget-text-editor\" data-id=\"683db88\" data-element_type=\"widget\" data-e-type=\"widget\" data-widget_type=\"text-editor.default\">\n\t\t\t\t\t\t\t\t\t<p>Avenida Ant\u00f4nio Carlos Magalh\u00e3es, n\u00ba 3129<br \/>Ed. Base Empresarial, sala 901<br \/>Iguatemi, Salvador\/Bahia | CEP: 41800700<br \/>+55 71 9972-96101\/ | contato@passosdemoraisadv.com.br <br \/>www.<strong>passosdemoraisadv<\/strong>.com.br<\/p>\t\t\t\t\t\t\t\t<\/div>\n\t\t\t\t\t<\/div>\n\t\t\t\t<\/div>\n\t\t\t\t<\/div>\n\t\t","protected":false},"excerpt":{"rendered":"<p>Em breve, um novo ponto de apoio jur\u00eddico para condom\u00ednios. Avenida Ant\u00f4nio Carlos Magalh\u00e3es, n\u00ba 3129Ed. Base Empresarial, sala 901Iguatemi, Salvador\/Bahia | CEP: 41800700+55 71 9972-96101\/ | contato@passosdemoraisadv.com.br www.passosdemoraisadv.com.br<\/p>\n","protected":false},"author":1,"featured_media":0,"parent":0,"menu_order":0,"comment_status":"closed","ping_status":"closed","template":"elementor_canvas","meta":{"footnotes":""},"class_list":["post-9","page","type-page","status-publish","hentry"],"_links":{"self":[{"href":"https:\/\/passosdemoraisadv.com.br\/index.php\/wp-json\/wp\/v2\/pages\/9","targetHints":{"allow":["GET"]}}],"collection":[{"href":"https:\/\/passosdemoraisadv.com.br\/index.php\/wp-json\/wp\/v2\/pages"}],"about":[{"href":"https:\/\/passosdemoraisadv.com.br\/index.php\/wp-json\/wp\/v2\/types\/page"}],"author":[{"embeddable":true,"href":"https:\/\/passosdemoraisadv.com.br\/index.php\/wp-json\/wp\/v2\/users\/1"}],"replies":[{"embeddable":true,"href":"https:\/\/passosdemoraisadv.com.br\/index.php\/wp-json\/wp\/v2\/comments?post=9"}],"version-history":[{"count":25,"href":"https:\/\/passosdemoraisadv.com.br\/index.php\/wp-json\/wp\/v2\/pages\/9\/revisions"}],"predecessor-version":[{"id":48,"href":"https:\/\/passosdemoraisadv.com.br\/index.php\/wp-json\/wp\/v2\/pages\/9\/revisions\/48"}],"wp:attachment":[{"href":"https:\/\/passosdemoraisadv.com.br\/index.php\/wp-json\/wp\/v2\/media?parent=9"}],"curies":[{"name":"wp","href":"https:\/\/api.w.org\/{rel}","templated":true}]}}